{"id":4154,"date":"2023-04-17T15:01:26","date_gmt":"2023-04-17T20:01:26","guid":{"rendered":"https:\/\/blomer.com.co\/?post_type=product&#038;p=4154"},"modified":"2023-04-18T15:42:07","modified_gmt":"2023-04-18T20:42:07","slug":"shampoo","status":"publish","type":"product","link":"https:\/\/blomer.com.co\/en\/product\/shampoo\/","title":{"rendered":"Shampoo"},"content":{"rendered":"<div class=\"page\" title=\"Page 1\">\n<div class=\"section\">\n<div class=\"layoutArea\">\n<div class=\"column\">\n<div class=\"page\" title=\"Page 1\">\n<div class=\"section\">\n<div class=\"layoutArea\">\n<div class=\"column\">\n<p>NUTRICIO\u0301N NATURAL| LIMPIA, HIDRATA y RESTAURA<\/p>\n<\/div>\n<\/div>\n<\/div>\n<\/div>\n<p>Este champ\u00fa es una excelente opci\u00f3n para aquellos que buscan una limpieza profunda, hidrataci\u00f3n y restauraci\u00f3n en su cabello. Con su f\u00f3rmula anti-frizz, ayuda a reducir la ca\u00edda y fortalecer el fol\u00edculo piloso, a la vez que aporta brillo y sedosidad al cabello. Adem\u00e1s, es adecuado para todo tipo de cabello.<\/p>\n<p>&nbsp;<\/p>\n<p>&nbsp;<\/p>\n<\/div>\n<\/div>\n<\/div>\n<\/div>","protected":false},"excerpt":{"rendered":"<p>NUTRICIO\u0301N NATURAL| LIMPIA, HIDRATA y RESTAURA Este champ\u00fa es una excelente opci\u00f3n para aquellos que buscan una limpieza profunda, hidrataci\u00f3n y restauraci\u00f3n en su cabello. Con su f\u00f3rmula anti-frizz, ayuda a reducir la ca\u00edda y fortalecer el fol\u00edculo piloso, a la vez que aporta brillo y sedosidad al cabello. Adem\u00e1s, es adecuado para todo tipo [&hellip;]<\/p>","protected":false},"featured_media":4305,"comment_status":"open","ping_status":"closed","template":"","meta":{"_acf_changed":false},"product_brand":[],"product_cat":[83],"product_tag":[],"class_list":{"0":"post-4154","1":"product","2":"type-product","3":"status-publish","4":"has-post-thumbnail","6":"product_cat-cuidado-capilar","8":"first","9":"instock","10":"shipping-taxable","11":"product-type-simple"},"acf":[],"yoast_head":"<!-- This site is optimized with the Yoast SEO plugin v25.2 - https:\/\/yoast.com\/wordpress\/plugins\/seo\/ -->\n<title>Shampoo | BLOMER CEPILLOS PARA EL CABELLO<\/title>\n<meta name=\"description\" content=\"Shampoo | Cuidado Capilar | NUTRICIO\u0301N NATURAL| LIMPIA, HIDRATA y RESTAURA Este champ\u00fa es una excelente opci\u00f3n para aquellos que buscan una limpieza profunda, hidrataci\u00f3n y | BLOMER CEPILLOS PARA EL CABELLO\" \/>\n<meta name=\"robots\" content=\"index, follow, max-snippet:-1, max-image-preview:large, max-video-preview:-1\" \/>\n<link rel=\"canonical\" href=\"https:\/\/blomer.com.co\/en\/product\/shampoo\/\" \/>\n<meta property=\"og:locale\" content=\"en_US\" \/>\n<meta property=\"og:type\" content=\"article\" \/>\n<meta property=\"og:title\" content=\"Shampoo | BLOMER CEPILLOS PARA EL CABELLO\" \/>\n<meta property=\"og:description\" content=\"Shampoo | Cuidado Capilar | NUTRICIO\u0301N NATURAL| LIMPIA, HIDRATA y RESTAURA Este champ\u00fa es una excelente opci\u00f3n para aquellos que buscan una limpieza profunda, hidrataci\u00f3n y | BLOMER CEPILLOS PARA EL CABELLO\" \/>\n<meta property=\"og:url\" content=\"https:\/\/blomer.com.co\/en\/product\/shampoo\/\" \/>\n<meta property=\"og:site_name\" content=\"BLOMER CEPILLOS PARA EL CABELLO\" \/>\n<meta property=\"article:publisher\" content=\"https:\/\/www.facebook.com\/cepillosblomer\" \/>\n<meta property=\"article:modified_time\" content=\"2023-04-18T20:42:07+00:00\" \/>\n<meta property=\"og:image\" content=\"https:\/\/blomer.com.co\/wp-content\/uploads\/2023\/04\/9-3.png\" \/>\n\t<meta property=\"og:image:width\" content=\"1080\" \/>\n\t<meta property=\"og:image:height\" content=\"1080\" \/>\n\t<meta property=\"og:image:type\" content=\"image\/png\" \/>\n<meta name=\"twitter:card\" content=\"summary_large_image\" \/>\n<meta name=\"twitter:label1\" content=\"Est. reading time\" \/>\n\t<meta name=\"twitter:data1\" content=\"1 minute\" \/>\n<script type=\"application\/ld+json\" class=\"yoast-schema-graph\">{\"@context\":\"https:\/\/schema.org\",\"@graph\":[{\"@type\":\"WebPage\",\"@id\":\"https:\/\/blomer.com.co\/producto\/shampoo\/\",\"url\":\"https:\/\/blomer.com.co\/producto\/shampoo\/\",\"name\":\"Shampoo | BLOMER CEPILLOS PARA EL CABELLO\",\"isPartOf\":{\"@id\":\"https:\/\/blomer.com.co\/#website\"},\"primaryImageOfPage\":{\"@id\":\"https:\/\/blomer.com.co\/producto\/shampoo\/#primaryimage\"},\"image\":{\"@id\":\"https:\/\/blomer.com.co\/producto\/shampoo\/#primaryimage\"},\"thumbnailUrl\":\"https:\/\/blomer.com.co\/wp-content\/uploads\/2023\/04\/9-3.png\",\"datePublished\":\"2023-04-17T20:01:26+00:00\",\"dateModified\":\"2023-04-18T20:42:07+00:00\",\"description\":\"Shampoo | Cuidado Capilar | NUTRICIO\u0301N NATURAL| LIMPIA, HIDRATA y RESTAURA Este champ\u00fa es una excelente opci\u00f3n para aquellos que buscan una limpieza profunda, hidrataci\u00f3n y | BLOMER CEPILLOS PARA EL CABELLO\",\"breadcrumb\":{\"@id\":\"https:\/\/blomer.com.co\/producto\/shampoo\/#breadcrumb\"},\"inLanguage\":\"en-US\",\"potentialAction\":[{\"@type\":\"ReadAction\",\"target\":[\"https:\/\/blomer.com.co\/producto\/shampoo\/\"]}]},{\"@type\":\"ImageObject\",\"inLanguage\":\"en-US\",\"@id\":\"https:\/\/blomer.com.co\/producto\/shampoo\/#primaryimage\",\"url\":\"https:\/\/blomer.com.co\/wp-content\/uploads\/2023\/04\/9-3.png\",\"contentUrl\":\"https:\/\/blomer.com.co\/wp-content\/uploads\/2023\/04\/9-3.png\",\"width\":1080,\"height\":1080},{\"@type\":\"BreadcrumbList\",\"@id\":\"https:\/\/blomer.com.co\/producto\/shampoo\/#breadcrumb\",\"itemListElement\":[{\"@type\":\"ListItem\",\"position\":1,\"name\":\"Portada\",\"item\":\"https:\/\/blomer.com.co\/\"},{\"@type\":\"ListItem\",\"position\":2,\"name\":\"Productos\",\"item\":\"https:\/\/blomer.com.co\/en\/productos\/\"},{\"@type\":\"ListItem\",\"position\":3,\"name\":\"Shampoo\"}]},{\"@type\":\"WebSite\",\"@id\":\"https:\/\/blomer.com.co\/#website\",\"url\":\"https:\/\/blomer.com.co\/\",\"name\":\"BLOMER CEPILLOS PARA EL CABELLO\",\"description\":\"Cepillos Profesionales para el cabello\",\"publisher\":{\"@id\":\"https:\/\/blomer.com.co\/#organization\"},\"potentialAction\":[{\"@type\":\"SearchAction\",\"target\":{\"@type\":\"EntryPoint\",\"urlTemplate\":\"https:\/\/blomer.com.co\/?s={search_term_string}\"},\"query-input\":{\"@type\":\"PropertyValueSpecification\",\"valueRequired\":true,\"valueName\":\"search_term_string\"}}],\"inLanguage\":\"en-US\"},{\"@type\":\"Organization\",\"@id\":\"https:\/\/blomer.com.co\/#organization\",\"name\":\"Blomer | Cepillos para el Cabello\",\"url\":\"https:\/\/blomer.com.co\/\",\"logo\":{\"@type\":\"ImageObject\",\"inLanguage\":\"en-US\",\"@id\":\"https:\/\/blomer.com.co\/#\/schema\/logo\/image\/\",\"url\":\"https:\/\/blomer.com.co\/wp-content\/uploads\/2021\/02\/cropped-LOGO2-WEB-Blomer-10-1.png\",\"contentUrl\":\"https:\/\/blomer.com.co\/wp-content\/uploads\/2021\/02\/cropped-LOGO2-WEB-Blomer-10-1.png\",\"width\":515,\"height\":457,\"caption\":\"Blomer | Cepillos para el Cabello\"},\"image\":{\"@id\":\"https:\/\/blomer.com.co\/#\/schema\/logo\/image\/\"},\"sameAs\":[\"https:\/\/www.facebook.com\/cepillosblomer\",\"https:\/\/www.instagram.com\/cepillosblomer\/\",\"https:\/\/www.youtube.com\/channel\/UC8StcQv9E7OE550fxk1jydA\"]}]}<\/script>\n<!-- \/ Yoast SEO plugin. -->","yoast_head_json":{"title":"Shampoo | BLOMER CEPILLOS PARA EL CABELLO","description":"Shampoo | Cuidado Capilar | NUTRICIO\u0301N NATURAL| LIMPIA, HIDRATA y RESTAURA Este champ\u00fa es una excelente opci\u00f3n para aquellos que buscan una limpieza profunda, hidrataci\u00f3n y | BLOMER CEPILLOS PARA EL CABELLO","robots":{"index":"index","follow":"follow","max-snippet":"max-snippet:-1","max-image-preview":"max-image-preview:large","max-video-preview":"max-video-preview:-1"},"canonical":"https:\/\/blomer.com.co\/en\/product\/shampoo\/","og_locale":"en_US","og_type":"article","og_title":"Shampoo | BLOMER CEPILLOS PARA EL CABELLO","og_description":"Shampoo | Cuidado Capilar | NUTRICIO\u0301N NATURAL| LIMPIA, HIDRATA y RESTAURA Este champ\u00fa es una excelente opci\u00f3n para aquellos que buscan una limpieza profunda, hidrataci\u00f3n y | BLOMER CEPILLOS PARA EL CABELLO","og_url":"https:\/\/blomer.com.co\/en\/product\/shampoo\/","og_site_name":"BLOMER CEPILLOS PARA EL CABELLO","article_publisher":"https:\/\/www.facebook.com\/cepillosblomer","article_modified_time":"2023-04-18T20:42:07+00:00","og_image":[{"width":1080,"height":1080,"url":"https:\/\/blomer.com.co\/wp-content\/uploads\/2023\/04\/9-3.png","type":"image\/png"}],"twitter_card":"summary_large_image","twitter_misc":{"Est. reading time":"1 minute"},"schema":{"@context":"https:\/\/schema.org","@graph":[{"@type":"WebPage","@id":"https:\/\/blomer.com.co\/producto\/shampoo\/","url":"https:\/\/blomer.com.co\/producto\/shampoo\/","name":"Shampoo | BLOMER CEPILLOS PARA EL CABELLO","isPartOf":{"@id":"https:\/\/blomer.com.co\/#website"},"primaryImageOfPage":{"@id":"https:\/\/blomer.com.co\/producto\/shampoo\/#primaryimage"},"image":{"@id":"https:\/\/blomer.com.co\/producto\/shampoo\/#primaryimage"},"thumbnailUrl":"https:\/\/blomer.com.co\/wp-content\/uploads\/2023\/04\/9-3.png","datePublished":"2023-04-17T20:01:26+00:00","dateModified":"2023-04-18T20:42:07+00:00","description":"Shampoo | Cuidado Capilar | NUTRICIO\u0301N NATURAL| LIMPIA, HIDRATA y RESTAURA Este champ\u00fa es una excelente opci\u00f3n para aquellos que buscan una limpieza profunda, hidrataci\u00f3n y | BLOMER CEPILLOS PARA EL CABELLO","breadcrumb":{"@id":"https:\/\/blomer.com.co\/producto\/shampoo\/#breadcrumb"},"inLanguage":"en-US","potentialAction":[{"@type":"ReadAction","target":["https:\/\/blomer.com.co\/producto\/shampoo\/"]}]},{"@type":"ImageObject","inLanguage":"en-US","@id":"https:\/\/blomer.com.co\/producto\/shampoo\/#primaryimage","url":"https:\/\/blomer.com.co\/wp-content\/uploads\/2023\/04\/9-3.png","contentUrl":"https:\/\/blomer.com.co\/wp-content\/uploads\/2023\/04\/9-3.png","width":1080,"height":1080},{"@type":"BreadcrumbList","@id":"https:\/\/blomer.com.co\/producto\/shampoo\/#breadcrumb","itemListElement":[{"@type":"ListItem","position":1,"name":"Portada","item":"https:\/\/blomer.com.co\/"},{"@type":"ListItem","position":2,"name":"Productos","item":"https:\/\/blomer.com.co\/en\/productos\/"},{"@type":"ListItem","position":3,"name":"Shampoo"}]},{"@type":"WebSite","@id":"https:\/\/blomer.com.co\/#website","url":"https:\/\/blomer.com.co\/","name":"BLOMER CEPILLOS PARA EL CABELLO","description":"Cepillos Profesionales para el cabello","publisher":{"@id":"https:\/\/blomer.com.co\/#organization"},"potentialAction":[{"@type":"SearchAction","target":{"@type":"EntryPoint","urlTemplate":"https:\/\/blomer.com.co\/?s={search_term_string}"},"query-input":{"@type":"PropertyValueSpecification","valueRequired":true,"valueName":"search_term_string"}}],"inLanguage":"en-US"},{"@type":"Organization","@id":"https:\/\/blomer.com.co\/#organization","name":"Blomer | Cepillos para el Cabello","url":"https:\/\/blomer.com.co\/","logo":{"@type":"ImageObject","inLanguage":"en-US","@id":"https:\/\/blomer.com.co\/#\/schema\/logo\/image\/","url":"https:\/\/blomer.com.co\/wp-content\/uploads\/2021\/02\/cropped-LOGO2-WEB-Blomer-10-1.png","contentUrl":"https:\/\/blomer.com.co\/wp-content\/uploads\/2021\/02\/cropped-LOGO2-WEB-Blomer-10-1.png","width":515,"height":457,"caption":"Blomer | Cepillos para el Cabello"},"image":{"@id":"https:\/\/blomer.com.co\/#\/schema\/logo\/image\/"},"sameAs":["https:\/\/www.facebook.com\/cepillosblomer","https:\/\/www.instagram.com\/cepillosblomer\/","https:\/\/www.youtube.com\/channel\/UC8StcQv9E7OE550fxk1jydA"]}]}},"_links":{"self":[{"href":"https:\/\/blomer.com.co\/en\/wp-json\/wp\/v2\/product\/4154","targetHints":{"allow":["GET"]}}],"collection":[{"href":"https:\/\/blomer.com.co\/en\/wp-json\/wp\/v2\/product"}],"about":[{"href":"https:\/\/blomer.com.co\/en\/wp-json\/wp\/v2\/types\/product"}],"replies":[{"embeddable":true,"href":"https:\/\/blomer.com.co\/en\/wp-json\/wp\/v2\/comments?post=4154"}],"wp:featuredmedia":[{"embeddable":true,"href":"https:\/\/blomer.com.co\/en\/wp-json\/wp\/v2\/media\/4305"}],"wp:attachment":[{"href":"https:\/\/blomer.com.co\/en\/wp-json\/wp\/v2\/media?parent=4154"}],"wp:term":[{"taxonomy":"product_brand","embeddable":true,"href":"https:\/\/blomer.com.co\/en\/wp-json\/wp\/v2\/product_brand?post=4154"},{"taxonomy":"product_cat","embeddable":true,"href":"https:\/\/blomer.com.co\/en\/wp-json\/wp\/v2\/product_cat?post=4154"},{"taxonomy":"product_tag","embeddable":true,"href":"https:\/\/blomer.com.co\/en\/wp-json\/wp\/v2\/product_tag?post=4154"}],"curies":[{"name":"wp","href":"https:\/\/api.w.org\/{rel}","templated":true}]}}