{"id":2005,"date":"2021-02-21T21:17:58","date_gmt":"2021-02-22T02:17:58","guid":{"rendered":"https:\/\/blomer.com.co\/?post_type=product&#038;p=2005"},"modified":"2021-03-19T11:43:11","modified_gmt":"2021-03-19T16:43:11","slug":"torino-penacho","status":"publish","type":"product","link":"https:\/\/blomer.com.co\/en\/product\/torino-penacho\/","title":{"rendered":"Torino Penacho"},"content":{"rendered":"<h1><strong>Cepillos en madera sus cerdas contienen un mech\u00f3n peque\u00f1o de cerda natural reforzada y un monofilamento blanco de Nylon<\/strong><\/h1>\n<p>Brinda total control y excelente tensi\u00f3n del cabello.<\/p>\n<p>Ideal para cepillar cabellos gruesos y crespos, ya que el monofilamento penetra hasta la ra\u00edz y permite que el mech\u00f3n agarre la base del cabello y a la vez genera una soltura muy f\u00e1cil, ideal para cabellos alisados.<\/p>","protected":false},"excerpt":{"rendered":"<p>Cepillos en madera sus cerdas contienen un mech\u00f3n peque\u00f1o de cerda natural reforzada y un monofilamento blanco de Nylon Brinda total control y excelente tensi\u00f3n del cabello. Ideal para cepillar cabellos gruesos y crespos, ya que el monofilamento penetra hasta la ra\u00edz y permite que el mech\u00f3n agarre la base del cabello y a la [&hellip;]<\/p>","protected":false},"featured_media":1985,"comment_status":"closed","ping_status":"closed","template":"","meta":{"_acf_changed":false},"product_brand":[],"product_cat":[81],"product_tag":[],"class_list":{"0":"post-2005","1":"product","2":"type-product","3":"status-publish","4":"has-post-thumbnail","6":"product_cat-linea-home","8":"first","9":"instock","10":"shipping-taxable","11":"product-type-simple"},"acf":[],"yoast_head":"<!-- This site is optimized with the Yoast SEO plugin v25.2 - https:\/\/yoast.com\/wordpress\/plugins\/seo\/ -->\n<title>Torino Penacho | BLOMER CEPILLOS PARA EL CABELLO<\/title>\n<meta name=\"description\" content=\"Torino Penacho | L\u00ednea Home | Cepillos en madera sus cerdas contienen un mech\u00f3n peque\u00f1o de cerda natural reforzada y un monofilamento blanco de Nylon Brinda total control y excelente | BLOMER CEPILLOS PARA EL CABELLO\" \/>\n<meta name=\"robots\" content=\"index, follow, max-snippet:-1, max-image-preview:large, max-video-preview:-1\" \/>\n<link rel=\"canonical\" href=\"https:\/\/blomer.com.co\/en\/product\/torino-penacho\/\" \/>\n<meta property=\"og:locale\" content=\"en_US\" \/>\n<meta property=\"og:type\" content=\"article\" \/>\n<meta property=\"og:title\" content=\"Torino Penacho | BLOMER CEPILLOS PARA EL CABELLO\" \/>\n<meta property=\"og:description\" content=\"Torino Penacho | L\u00ednea Home | Cepillos en madera sus cerdas contienen un mech\u00f3n peque\u00f1o de cerda natural reforzada y un monofilamento blanco de Nylon Brinda total control y excelente | BLOMER CEPILLOS PARA EL CABELLO\" \/>\n<meta property=\"og:url\" content=\"https:\/\/blomer.com.co\/en\/product\/torino-penacho\/\" \/>\n<meta property=\"og:site_name\" content=\"BLOMER CEPILLOS PARA EL CABELLO\" \/>\n<meta property=\"article:publisher\" content=\"https:\/\/www.facebook.com\/cepillosblomer\" \/>\n<meta property=\"article:modified_time\" content=\"2021-03-19T16:43:11+00:00\" \/>\n<meta property=\"og:image\" content=\"https:\/\/blomer.com.co\/wp-content\/uploads\/2021\/02\/WEB-Blomer-Linea-Productos-02-3.png\" \/>\n\t<meta property=\"og:image:width\" content=\"360\" \/>\n\t<meta property=\"og:image:height\" content=\"361\" \/>\n\t<meta property=\"og:image:type\" content=\"image\/png\" \/>\n<meta name=\"twitter:card\" content=\"summary_large_image\" \/>\n<meta name=\"twitter:label1\" content=\"Est. reading time\" \/>\n\t<meta name=\"twitter:data1\" content=\"1 minute\" \/>\n<script type=\"application\/ld+json\" class=\"yoast-schema-graph\">{\"@context\":\"https:\/\/schema.org\",\"@graph\":[{\"@type\":\"WebPage\",\"@id\":\"https:\/\/blomer.com.co\/producto\/torino-penacho\/\",\"url\":\"https:\/\/blomer.com.co\/producto\/torino-penacho\/\",\"name\":\"Torino Penacho | BLOMER CEPILLOS PARA EL CABELLO\",\"isPartOf\":{\"@id\":\"https:\/\/blomer.com.co\/#website\"},\"primaryImageOfPage\":{\"@id\":\"https:\/\/blomer.com.co\/producto\/torino-penacho\/#primaryimage\"},\"image\":{\"@id\":\"https:\/\/blomer.com.co\/producto\/torino-penacho\/#primaryimage\"},\"thumbnailUrl\":\"https:\/\/blomer.com.co\/wp-content\/uploads\/2021\/02\/WEB-Blomer-Linea-Productos-02-3.png\",\"datePublished\":\"2021-02-22T02:17:58+00:00\",\"dateModified\":\"2021-03-19T16:43:11+00:00\",\"description\":\"Torino Penacho | L\u00ednea Home | Cepillos en madera sus cerdas contienen un mech\u00f3n peque\u00f1o de cerda natural reforzada y un monofilamento blanco de Nylon Brinda total control y excelente | BLOMER CEPILLOS PARA EL CABELLO\",\"breadcrumb\":{\"@id\":\"https:\/\/blomer.com.co\/producto\/torino-penacho\/#breadcrumb\"},\"inLanguage\":\"en-US\",\"potentialAction\":[{\"@type\":\"ReadAction\",\"target\":[\"https:\/\/blomer.com.co\/producto\/torino-penacho\/\"]}]},{\"@type\":\"ImageObject\",\"inLanguage\":\"en-US\",\"@id\":\"https:\/\/blomer.com.co\/producto\/torino-penacho\/#primaryimage\",\"url\":\"https:\/\/blomer.com.co\/wp-content\/uploads\/2021\/02\/WEB-Blomer-Linea-Productos-02-3.png\",\"contentUrl\":\"https:\/\/blomer.com.co\/wp-content\/uploads\/2021\/02\/WEB-Blomer-Linea-Productos-02-3.png\",\"width\":360,\"height\":361},{\"@type\":\"BreadcrumbList\",\"@id\":\"https:\/\/blomer.com.co\/producto\/torino-penacho\/#breadcrumb\",\"itemListElement\":[{\"@type\":\"ListItem\",\"position\":1,\"name\":\"Portada\",\"item\":\"https:\/\/blomer.com.co\/\"},{\"@type\":\"ListItem\",\"position\":2,\"name\":\"Productos\",\"item\":\"https:\/\/blomer.com.co\/en\/productos\/\"},{\"@type\":\"ListItem\",\"position\":3,\"name\":\"Torino Penacho\"}]},{\"@type\":\"WebSite\",\"@id\":\"https:\/\/blomer.com.co\/#website\",\"url\":\"https:\/\/blomer.com.co\/\",\"name\":\"BLOMER CEPILLOS PARA EL CABELLO\",\"description\":\"Cepillos Profesionales para el cabello\",\"publisher\":{\"@id\":\"https:\/\/blomer.com.co\/#organization\"},\"potentialAction\":[{\"@type\":\"SearchAction\",\"target\":{\"@type\":\"EntryPoint\",\"urlTemplate\":\"https:\/\/blomer.com.co\/?s={search_term_string}\"},\"query-input\":{\"@type\":\"PropertyValueSpecification\",\"valueRequired\":true,\"valueName\":\"search_term_string\"}}],\"inLanguage\":\"en-US\"},{\"@type\":\"Organization\",\"@id\":\"https:\/\/blomer.com.co\/#organization\",\"name\":\"Blomer | Cepillos para el Cabello\",\"url\":\"https:\/\/blomer.com.co\/\",\"logo\":{\"@type\":\"ImageObject\",\"inLanguage\":\"en-US\",\"@id\":\"https:\/\/blomer.com.co\/#\/schema\/logo\/image\/\",\"url\":\"https:\/\/blomer.com.co\/wp-content\/uploads\/2021\/02\/cropped-LOGO2-WEB-Blomer-10-1.png\",\"contentUrl\":\"https:\/\/blomer.com.co\/wp-content\/uploads\/2021\/02\/cropped-LOGO2-WEB-Blomer-10-1.png\",\"width\":515,\"height\":457,\"caption\":\"Blomer | Cepillos para el Cabello\"},\"image\":{\"@id\":\"https:\/\/blomer.com.co\/#\/schema\/logo\/image\/\"},\"sameAs\":[\"https:\/\/www.facebook.com\/cepillosblomer\",\"https:\/\/www.instagram.com\/cepillosblomer\/\",\"https:\/\/www.youtube.com\/channel\/UC8StcQv9E7OE550fxk1jydA\"]}]}<\/script>\n<!-- \/ Yoast SEO plugin. -->","yoast_head_json":{"title":"Torino Penacho | BLOMER CEPILLOS PARA EL CABELLO","description":"Torino Penacho | L\u00ednea Home | Cepillos en madera sus cerdas contienen un mech\u00f3n peque\u00f1o de cerda natural reforzada y un monofilamento blanco de Nylon Brinda total control y excelente | BLOMER CEPILLOS PARA EL CABELLO","robots":{"index":"index","follow":"follow","max-snippet":"max-snippet:-1","max-image-preview":"max-image-preview:large","max-video-preview":"max-video-preview:-1"},"canonical":"https:\/\/blomer.com.co\/en\/product\/torino-penacho\/","og_locale":"en_US","og_type":"article","og_title":"Torino Penacho | BLOMER CEPILLOS PARA EL CABELLO","og_description":"Torino Penacho | L\u00ednea Home | Cepillos en madera sus cerdas contienen un mech\u00f3n peque\u00f1o de cerda natural reforzada y un monofilamento blanco de Nylon Brinda total control y excelente | BLOMER CEPILLOS PARA EL CABELLO","og_url":"https:\/\/blomer.com.co\/en\/product\/torino-penacho\/","og_site_name":"BLOMER CEPILLOS PARA EL CABELLO","article_publisher":"https:\/\/www.facebook.com\/cepillosblomer","article_modified_time":"2021-03-19T16:43:11+00:00","og_image":[{"width":360,"height":361,"url":"https:\/\/blomer.com.co\/wp-content\/uploads\/2021\/02\/WEB-Blomer-Linea-Productos-02-3.png","type":"image\/png"}],"twitter_card":"summary_large_image","twitter_misc":{"Est. reading time":"1 minute"},"schema":{"@context":"https:\/\/schema.org","@graph":[{"@type":"WebPage","@id":"https:\/\/blomer.com.co\/producto\/torino-penacho\/","url":"https:\/\/blomer.com.co\/producto\/torino-penacho\/","name":"Torino Penacho | BLOMER CEPILLOS PARA EL CABELLO","isPartOf":{"@id":"https:\/\/blomer.com.co\/#website"},"primaryImageOfPage":{"@id":"https:\/\/blomer.com.co\/producto\/torino-penacho\/#primaryimage"},"image":{"@id":"https:\/\/blomer.com.co\/producto\/torino-penacho\/#primaryimage"},"thumbnailUrl":"https:\/\/blomer.com.co\/wp-content\/uploads\/2021\/02\/WEB-Blomer-Linea-Productos-02-3.png","datePublished":"2021-02-22T02:17:58+00:00","dateModified":"2021-03-19T16:43:11+00:00","description":"Torino Penacho | L\u00ednea Home | Cepillos en madera sus cerdas contienen un mech\u00f3n peque\u00f1o de cerda natural reforzada y un monofilamento blanco de Nylon Brinda total control y excelente | BLOMER CEPILLOS PARA EL CABELLO","breadcrumb":{"@id":"https:\/\/blomer.com.co\/producto\/torino-penacho\/#breadcrumb"},"inLanguage":"en-US","potentialAction":[{"@type":"ReadAction","target":["https:\/\/blomer.com.co\/producto\/torino-penacho\/"]}]},{"@type":"ImageObject","inLanguage":"en-US","@id":"https:\/\/blomer.com.co\/producto\/torino-penacho\/#primaryimage","url":"https:\/\/blomer.com.co\/wp-content\/uploads\/2021\/02\/WEB-Blomer-Linea-Productos-02-3.png","contentUrl":"https:\/\/blomer.com.co\/wp-content\/uploads\/2021\/02\/WEB-Blomer-Linea-Productos-02-3.png","width":360,"height":361},{"@type":"BreadcrumbList","@id":"https:\/\/blomer.com.co\/producto\/torino-penacho\/#breadcrumb","itemListElement":[{"@type":"ListItem","position":1,"name":"Portada","item":"https:\/\/blomer.com.co\/"},{"@type":"ListItem","position":2,"name":"Productos","item":"https:\/\/blomer.com.co\/en\/productos\/"},{"@type":"ListItem","position":3,"name":"Torino Penacho"}]},{"@type":"WebSite","@id":"https:\/\/blomer.com.co\/#website","url":"https:\/\/blomer.com.co\/","name":"BLOMER CEPILLOS PARA EL CABELLO","description":"Cepillos Profesionales para el cabello","publisher":{"@id":"https:\/\/blomer.com.co\/#organization"},"potentialAction":[{"@type":"SearchAction","target":{"@type":"EntryPoint","urlTemplate":"https:\/\/blomer.com.co\/?s={search_term_string}"},"query-input":{"@type":"PropertyValueSpecification","valueRequired":true,"valueName":"search_term_string"}}],"inLanguage":"en-US"},{"@type":"Organization","@id":"https:\/\/blomer.com.co\/#organization","name":"Blomer | Cepillos para el Cabello","url":"https:\/\/blomer.com.co\/","logo":{"@type":"ImageObject","inLanguage":"en-US","@id":"https:\/\/blomer.com.co\/#\/schema\/logo\/image\/","url":"https:\/\/blomer.com.co\/wp-content\/uploads\/2021\/02\/cropped-LOGO2-WEB-Blomer-10-1.png","contentUrl":"https:\/\/blomer.com.co\/wp-content\/uploads\/2021\/02\/cropped-LOGO2-WEB-Blomer-10-1.png","width":515,"height":457,"caption":"Blomer | Cepillos para el Cabello"},"image":{"@id":"https:\/\/blomer.com.co\/#\/schema\/logo\/image\/"},"sameAs":["https:\/\/www.facebook.com\/cepillosblomer","https:\/\/www.instagram.com\/cepillosblomer\/","https:\/\/www.youtube.com\/channel\/UC8StcQv9E7OE550fxk1jydA"]}]}},"_links":{"self":[{"href":"https:\/\/blomer.com.co\/en\/wp-json\/wp\/v2\/product\/2005","targetHints":{"allow":["GET"]}}],"collection":[{"href":"https:\/\/blomer.com.co\/en\/wp-json\/wp\/v2\/product"}],"about":[{"href":"https:\/\/blomer.com.co\/en\/wp-json\/wp\/v2\/types\/product"}],"replies":[{"embeddable":true,"href":"https:\/\/blomer.com.co\/en\/wp-json\/wp\/v2\/comments?post=2005"}],"wp:featuredmedia":[{"embeddable":true,"href":"https:\/\/blomer.com.co\/en\/wp-json\/wp\/v2\/media\/1985"}],"wp:attachment":[{"href":"https:\/\/blomer.com.co\/en\/wp-json\/wp\/v2\/media?parent=2005"}],"wp:term":[{"taxonomy":"product_brand","embeddable":true,"href":"https:\/\/blomer.com.co\/en\/wp-json\/wp\/v2\/product_brand?post=2005"},{"taxonomy":"product_cat","embeddable":true,"href":"https:\/\/blomer.com.co\/en\/wp-json\/wp\/v2\/product_cat?post=2005"},{"taxonomy":"product_tag","embeddable":true,"href":"https:\/\/blomer.com.co\/en\/wp-json\/wp\/v2\/product_tag?post=2005"}],"curies":[{"name":"wp","href":"https:\/\/api.w.org\/{rel}","templated":true}]}}