{"id":1952,"date":"2021-02-21T20:32:55","date_gmt":"2021-02-22T01:32:55","guid":{"rendered":"https:\/\/blomer.com.co\/?post_type=product&#038;p=1952"},"modified":"2021-02-25T16:11:28","modified_gmt":"2021-02-25T21:11:28","slug":"mixtos","status":"publish","type":"product","link":"https:\/\/blomer.com.co\/en\/product\/mixtos\/","title":{"rendered":"Mixtos"},"content":{"rendered":"<h1>Brushes with mixed bristles, composed of a small tuft of reinforced natural bristle and a white Nylon monofilament.<\/h1>\n<p>Short natural color wooden rope with rubber handle, which is ideal for long jobs since it does not allow the hand to slip due to sweat due to its non-slip power. Ideal for brushing thick and frizzy hair, since the monofilament penetrates to the roots and allows the lock to grip the base of the hair, generating a rapid glide of the brush.<\/p>","protected":false},"excerpt":{"rendered":"<p>Cepillos con cerda mixta, compuesta por un mech\u00f3n peque\u00f1o de cerda natural reforzada y un monofilamento blanco de Nylon. Cabo de madera corto color natural con mango de goma, el cual es ideal para trabajos largos ya que no permite que la mano se resbale por el sudor debido a su poder antideslizante. Ideal para [&hellip;]<\/p>","protected":false},"featured_media":1954,"comment_status":"closed","ping_status":"closed","template":"","meta":{"_acf_changed":false},"product_brand":[],"product_cat":[80],"product_tag":[],"class_list":{"0":"post-1952","1":"product","2":"type-product","3":"status-publish","4":"has-post-thumbnail","6":"product_cat-linea-acedemica","8":"first","9":"instock","10":"shipping-taxable","11":"product-type-simple"},"acf":[],"yoast_head":"<!-- This site is optimized with the Yoast SEO plugin v25.2 - https:\/\/yoast.com\/wordpress\/plugins\/seo\/ -->\n<title>Mixtos | BLOMER CEPILLOS PARA EL CABELLO<\/title>\n<meta name=\"description\" content=\"Mixtos | L\u00ednea Acad\u00e9mica | Cepillos con cerda mixta, compuesta por un mech\u00f3n peque\u00f1o de cerda natural reforzada y un monofilamento blanco de Nylon. Cabo de madera corto color | BLOMER CEPILLOS PARA EL CABELLO\" \/>\n<meta name=\"robots\" content=\"index, follow, max-snippet:-1, max-image-preview:large, max-video-preview:-1\" \/>\n<link rel=\"canonical\" href=\"https:\/\/blomer.com.co\/en\/product\/mixtos\/\" \/>\n<meta property=\"og:locale\" content=\"en_US\" \/>\n<meta property=\"og:type\" content=\"article\" \/>\n<meta property=\"og:title\" content=\"Mixtos | BLOMER CEPILLOS PARA EL CABELLO\" \/>\n<meta property=\"og:description\" content=\"Mixtos | L\u00ednea Acad\u00e9mica | Cepillos con cerda mixta, compuesta por un mech\u00f3n peque\u00f1o de cerda natural reforzada y un monofilamento blanco de Nylon. Cabo de madera corto color | BLOMER CEPILLOS PARA EL CABELLO\" \/>\n<meta property=\"og:url\" content=\"https:\/\/blomer.com.co\/en\/product\/mixtos\/\" \/>\n<meta property=\"og:site_name\" content=\"BLOMER CEPILLOS PARA EL CABELLO\" \/>\n<meta property=\"article:publisher\" content=\"https:\/\/www.facebook.com\/cepillosblomer\" \/>\n<meta property=\"article:modified_time\" content=\"2021-02-25T21:11:28+00:00\" \/>\n<meta property=\"og:image\" content=\"https:\/\/blomer.com.co\/wp-content\/uploads\/2021\/02\/WEB-Blomer-Linea-Productos-03-1.png\" \/>\n\t<meta property=\"og:image:width\" content=\"360\" \/>\n\t<meta property=\"og:image:height\" content=\"361\" \/>\n\t<meta property=\"og:image:type\" content=\"image\/png\" \/>\n<meta name=\"twitter:card\" content=\"summary_large_image\" \/>\n<script type=\"application\/ld+json\" class=\"yoast-schema-graph\">{\"@context\":\"https:\/\/schema.org\",\"@graph\":[{\"@type\":\"WebPage\",\"@id\":\"https:\/\/blomer.com.co\/producto\/mixtos\/\",\"url\":\"https:\/\/blomer.com.co\/producto\/mixtos\/\",\"name\":\"Mixtos | BLOMER CEPILLOS PARA EL CABELLO\",\"isPartOf\":{\"@id\":\"https:\/\/blomer.com.co\/#website\"},\"primaryImageOfPage\":{\"@id\":\"https:\/\/blomer.com.co\/producto\/mixtos\/#primaryimage\"},\"image\":{\"@id\":\"https:\/\/blomer.com.co\/producto\/mixtos\/#primaryimage\"},\"thumbnailUrl\":\"https:\/\/blomer.com.co\/wp-content\/uploads\/2021\/02\/WEB-Blomer-Linea-Productos-03-1.png\",\"datePublished\":\"2021-02-22T01:32:55+00:00\",\"dateModified\":\"2021-02-25T21:11:28+00:00\",\"description\":\"Mixtos | L\u00ednea Acad\u00e9mica | Cepillos con cerda mixta, compuesta por un mech\u00f3n peque\u00f1o de cerda natural reforzada y un monofilamento blanco de Nylon. Cabo de madera corto color | BLOMER CEPILLOS PARA EL CABELLO\",\"breadcrumb\":{\"@id\":\"https:\/\/blomer.com.co\/producto\/mixtos\/#breadcrumb\"},\"inLanguage\":\"en-US\",\"potentialAction\":[{\"@type\":\"ReadAction\",\"target\":[\"https:\/\/blomer.com.co\/producto\/mixtos\/\"]}]},{\"@type\":\"ImageObject\",\"inLanguage\":\"en-US\",\"@id\":\"https:\/\/blomer.com.co\/producto\/mixtos\/#primaryimage\",\"url\":\"https:\/\/blomer.com.co\/wp-content\/uploads\/2021\/02\/WEB-Blomer-Linea-Productos-03-1.png\",\"contentUrl\":\"https:\/\/blomer.com.co\/wp-content\/uploads\/2021\/02\/WEB-Blomer-Linea-Productos-03-1.png\",\"width\":360,\"height\":361},{\"@type\":\"BreadcrumbList\",\"@id\":\"https:\/\/blomer.com.co\/producto\/mixtos\/#breadcrumb\",\"itemListElement\":[{\"@type\":\"ListItem\",\"position\":1,\"name\":\"Portada\",\"item\":\"https:\/\/blomer.com.co\/\"},{\"@type\":\"ListItem\",\"position\":2,\"name\":\"Productos\",\"item\":\"https:\/\/blomer.com.co\/en\/productos\/\"},{\"@type\":\"ListItem\",\"position\":3,\"name\":\"Mixtos\"}]},{\"@type\":\"WebSite\",\"@id\":\"https:\/\/blomer.com.co\/#website\",\"url\":\"https:\/\/blomer.com.co\/\",\"name\":\"BLOMER CEPILLOS PARA EL CABELLO\",\"description\":\"Cepillos Profesionales para el cabello\",\"publisher\":{\"@id\":\"https:\/\/blomer.com.co\/#organization\"},\"potentialAction\":[{\"@type\":\"SearchAction\",\"target\":{\"@type\":\"EntryPoint\",\"urlTemplate\":\"https:\/\/blomer.com.co\/?s={search_term_string}\"},\"query-input\":{\"@type\":\"PropertyValueSpecification\",\"valueRequired\":true,\"valueName\":\"search_term_string\"}}],\"inLanguage\":\"en-US\"},{\"@type\":\"Organization\",\"@id\":\"https:\/\/blomer.com.co\/#organization\",\"name\":\"Blomer | Cepillos para el Cabello\",\"url\":\"https:\/\/blomer.com.co\/\",\"logo\":{\"@type\":\"ImageObject\",\"inLanguage\":\"en-US\",\"@id\":\"https:\/\/blomer.com.co\/#\/schema\/logo\/image\/\",\"url\":\"https:\/\/blomer.com.co\/wp-content\/uploads\/2021\/02\/cropped-LOGO2-WEB-Blomer-10-1.png\",\"contentUrl\":\"https:\/\/blomer.com.co\/wp-content\/uploads\/2021\/02\/cropped-LOGO2-WEB-Blomer-10-1.png\",\"width\":515,\"height\":457,\"caption\":\"Blomer | Cepillos para el Cabello\"},\"image\":{\"@id\":\"https:\/\/blomer.com.co\/#\/schema\/logo\/image\/\"},\"sameAs\":[\"https:\/\/www.facebook.com\/cepillosblomer\",\"https:\/\/www.instagram.com\/cepillosblomer\/\",\"https:\/\/www.youtube.com\/channel\/UC8StcQv9E7OE550fxk1jydA\"]}]}<\/script>\n<!-- \/ Yoast SEO plugin. -->","yoast_head_json":{"title":"Mixtos | BLOMER CEPILLOS PARA EL CABELLO","description":"Mixtos | L\u00ednea Acad\u00e9mica | Cepillos con cerda mixta, compuesta por un mech\u00f3n peque\u00f1o de cerda natural reforzada y un monofilamento blanco de Nylon. Cabo de madera corto color | BLOMER CEPILLOS PARA EL CABELLO","robots":{"index":"index","follow":"follow","max-snippet":"max-snippet:-1","max-image-preview":"max-image-preview:large","max-video-preview":"max-video-preview:-1"},"canonical":"https:\/\/blomer.com.co\/en\/product\/mixtos\/","og_locale":"en_US","og_type":"article","og_title":"Mixtos | BLOMER CEPILLOS PARA EL CABELLO","og_description":"Mixtos | L\u00ednea Acad\u00e9mica | Cepillos con cerda mixta, compuesta por un mech\u00f3n peque\u00f1o de cerda natural reforzada y un monofilamento blanco de Nylon. Cabo de madera corto color | BLOMER CEPILLOS PARA EL CABELLO","og_url":"https:\/\/blomer.com.co\/en\/product\/mixtos\/","og_site_name":"BLOMER CEPILLOS PARA EL CABELLO","article_publisher":"https:\/\/www.facebook.com\/cepillosblomer","article_modified_time":"2021-02-25T21:11:28+00:00","og_image":[{"width":360,"height":361,"url":"https:\/\/blomer.com.co\/wp-content\/uploads\/2021\/02\/WEB-Blomer-Linea-Productos-03-1.png","type":"image\/png"}],"twitter_card":"summary_large_image","schema":{"@context":"https:\/\/schema.org","@graph":[{"@type":"WebPage","@id":"https:\/\/blomer.com.co\/producto\/mixtos\/","url":"https:\/\/blomer.com.co\/producto\/mixtos\/","name":"Mixtos | BLOMER CEPILLOS PARA EL CABELLO","isPartOf":{"@id":"https:\/\/blomer.com.co\/#website"},"primaryImageOfPage":{"@id":"https:\/\/blomer.com.co\/producto\/mixtos\/#primaryimage"},"image":{"@id":"https:\/\/blomer.com.co\/producto\/mixtos\/#primaryimage"},"thumbnailUrl":"https:\/\/blomer.com.co\/wp-content\/uploads\/2021\/02\/WEB-Blomer-Linea-Productos-03-1.png","datePublished":"2021-02-22T01:32:55+00:00","dateModified":"2021-02-25T21:11:28+00:00","description":"Mixtos | L\u00ednea Acad\u00e9mica | Cepillos con cerda mixta, compuesta por un mech\u00f3n peque\u00f1o de cerda natural reforzada y un monofilamento blanco de Nylon. Cabo de madera corto color | BLOMER CEPILLOS PARA EL CABELLO","breadcrumb":{"@id":"https:\/\/blomer.com.co\/producto\/mixtos\/#breadcrumb"},"inLanguage":"en-US","potentialAction":[{"@type":"ReadAction","target":["https:\/\/blomer.com.co\/producto\/mixtos\/"]}]},{"@type":"ImageObject","inLanguage":"en-US","@id":"https:\/\/blomer.com.co\/producto\/mixtos\/#primaryimage","url":"https:\/\/blomer.com.co\/wp-content\/uploads\/2021\/02\/WEB-Blomer-Linea-Productos-03-1.png","contentUrl":"https:\/\/blomer.com.co\/wp-content\/uploads\/2021\/02\/WEB-Blomer-Linea-Productos-03-1.png","width":360,"height":361},{"@type":"BreadcrumbList","@id":"https:\/\/blomer.com.co\/producto\/mixtos\/#breadcrumb","itemListElement":[{"@type":"ListItem","position":1,"name":"Portada","item":"https:\/\/blomer.com.co\/"},{"@type":"ListItem","position":2,"name":"Productos","item":"https:\/\/blomer.com.co\/en\/productos\/"},{"@type":"ListItem","position":3,"name":"Mixtos"}]},{"@type":"WebSite","@id":"https:\/\/blomer.com.co\/#website","url":"https:\/\/blomer.com.co\/","name":"BLOMER CEPILLOS PARA EL CABELLO","description":"Cepillos Profesionales para el cabello","publisher":{"@id":"https:\/\/blomer.com.co\/#organization"},"potentialAction":[{"@type":"SearchAction","target":{"@type":"EntryPoint","urlTemplate":"https:\/\/blomer.com.co\/?s={search_term_string}"},"query-input":{"@type":"PropertyValueSpecification","valueRequired":true,"valueName":"search_term_string"}}],"inLanguage":"en-US"},{"@type":"Organization","@id":"https:\/\/blomer.com.co\/#organization","name":"Blomer | Cepillos para el Cabello","url":"https:\/\/blomer.com.co\/","logo":{"@type":"ImageObject","inLanguage":"en-US","@id":"https:\/\/blomer.com.co\/#\/schema\/logo\/image\/","url":"https:\/\/blomer.com.co\/wp-content\/uploads\/2021\/02\/cropped-LOGO2-WEB-Blomer-10-1.png","contentUrl":"https:\/\/blomer.com.co\/wp-content\/uploads\/2021\/02\/cropped-LOGO2-WEB-Blomer-10-1.png","width":515,"height":457,"caption":"Blomer | Cepillos para el Cabello"},"image":{"@id":"https:\/\/blomer.com.co\/#\/schema\/logo\/image\/"},"sameAs":["https:\/\/www.facebook.com\/cepillosblomer","https:\/\/www.instagram.com\/cepillosblomer\/","https:\/\/www.youtube.com\/channel\/UC8StcQv9E7OE550fxk1jydA"]}]}},"_links":{"self":[{"href":"https:\/\/blomer.com.co\/en\/wp-json\/wp\/v2\/product\/1952","targetHints":{"allow":["GET"]}}],"collection":[{"href":"https:\/\/blomer.com.co\/en\/wp-json\/wp\/v2\/product"}],"about":[{"href":"https:\/\/blomer.com.co\/en\/wp-json\/wp\/v2\/types\/product"}],"replies":[{"embeddable":true,"href":"https:\/\/blomer.com.co\/en\/wp-json\/wp\/v2\/comments?post=1952"}],"wp:featuredmedia":[{"embeddable":true,"href":"https:\/\/blomer.com.co\/en\/wp-json\/wp\/v2\/media\/1954"}],"wp:attachment":[{"href":"https:\/\/blomer.com.co\/en\/wp-json\/wp\/v2\/media?parent=1952"}],"wp:term":[{"taxonomy":"product_brand","embeddable":true,"href":"https:\/\/blomer.com.co\/en\/wp-json\/wp\/v2\/product_brand?post=1952"},{"taxonomy":"product_cat","embeddable":true,"href":"https:\/\/blomer.com.co\/en\/wp-json\/wp\/v2\/product_cat?post=1952"},{"taxonomy":"product_tag","embeddable":true,"href":"https:\/\/blomer.com.co\/en\/wp-json\/wp\/v2\/product_tag?post=1952"}],"curies":[{"name":"wp","href":"https:\/\/api.w.org\/{rel}","templated":true}]}}