{"id":1935,"date":"2021-02-21T20:16:52","date_gmt":"2021-02-22T01:16:52","guid":{"rendered":"https:\/\/blomer.com.co\/?post_type=product&#038;p=1935"},"modified":"2021-02-25T15:38:25","modified_gmt":"2021-02-25T20:38:25","slug":"ceramic","status":"publish","type":"product","link":"https:\/\/blomer.com.co\/en\/product\/ceramic\/","title":{"rendered":"Ceramic"},"content":{"rendered":"<h1>Ionic brushes that improve the condition of the hair.<\/h1>\n<p>With ceramic technology that improves heat transmission by distributing it evenly. It allows to reach high temperatures quickly, in addition to being a compact and strong material that does not rust and does not react to chemical treatments. Retractable hair separator that allows easier and faster partitions.<\/p>","protected":false},"excerpt":{"rendered":"<p>Cepillos i\u00f3nicos que mejoran la condici\u00f3n del cabello. Con tecnolog\u00eda cer\u00e1mica que mejora la transmisi\u00f3n del calor reparti\u00e9ndolo de manera uniforme. Permite alcanzar altas temperaturas de forma r\u00e1pida, adem\u00e1s de ser un material compacto y fuerte que no se oxida y no reacciona ante tratamientos qu\u00edmicos. Separador de cabello retr\u00e1ctil que permite realizar particiones de [&hellip;]<\/p>","protected":false},"featured_media":1936,"comment_status":"closed","ping_status":"closed","template":"","meta":{"_acf_changed":false},"product_brand":[],"product_cat":[79],"product_tag":[],"class_list":{"0":"post-1935","1":"product","2":"type-product","3":"status-publish","4":"has-post-thumbnail","6":"product_cat-linea-termica","8":"first","9":"instock","10":"shipping-taxable","11":"product-type-simple"},"acf":[],"yoast_head":"<!-- This site is optimized with the Yoast SEO plugin v25.2 - https:\/\/yoast.com\/wordpress\/plugins\/seo\/ -->\n<title>Ceramic | BLOMER CEPILLOS PARA EL CABELLO<\/title>\n<meta name=\"description\" content=\"Ceramic | L\u00ednea T\u00e9rmica | Cepillos i\u00f3nicos que mejoran la condici\u00f3n del cabello. Con tecnolog\u00eda cer\u00e1mica que mejora la transmisi\u00f3n del calor reparti\u00e9ndolo de manera uniforme. | BLOMER CEPILLOS PARA EL CABELLO\" \/>\n<meta name=\"robots\" content=\"index, follow, max-snippet:-1, max-image-preview:large, max-video-preview:-1\" \/>\n<link rel=\"canonical\" href=\"https:\/\/blomer.com.co\/en\/product\/ceramic\/\" \/>\n<meta property=\"og:locale\" content=\"en_US\" \/>\n<meta property=\"og:type\" content=\"article\" \/>\n<meta property=\"og:title\" content=\"Ceramic | BLOMER CEPILLOS PARA EL CABELLO\" \/>\n<meta property=\"og:description\" content=\"Ceramic | L\u00ednea T\u00e9rmica | Cepillos i\u00f3nicos que mejoran la condici\u00f3n del cabello. Con tecnolog\u00eda cer\u00e1mica que mejora la transmisi\u00f3n del calor reparti\u00e9ndolo de manera uniforme. | BLOMER CEPILLOS PARA EL CABELLO\" \/>\n<meta property=\"og:url\" content=\"https:\/\/blomer.com.co\/en\/product\/ceramic\/\" \/>\n<meta property=\"og:site_name\" content=\"BLOMER CEPILLOS PARA EL CABELLO\" \/>\n<meta property=\"article:publisher\" content=\"https:\/\/www.facebook.com\/cepillosblomer\" \/>\n<meta property=\"article:modified_time\" content=\"2021-02-25T20:38:25+00:00\" \/>\n<meta property=\"og:image\" content=\"https:\/\/blomer.com.co\/wp-content\/uploads\/2021\/02\/WEB-Blomer-Linea-Productos-04.png\" \/>\n\t<meta property=\"og:image:width\" content=\"360\" \/>\n\t<meta property=\"og:image:height\" content=\"361\" \/>\n\t<meta property=\"og:image:type\" content=\"image\/png\" \/>\n<meta name=\"twitter:card\" content=\"summary_large_image\" \/>\n<script type=\"application\/ld+json\" class=\"yoast-schema-graph\">{\"@context\":\"https:\/\/schema.org\",\"@graph\":[{\"@type\":\"WebPage\",\"@id\":\"https:\/\/blomer.com.co\/producto\/ceramic\/\",\"url\":\"https:\/\/blomer.com.co\/producto\/ceramic\/\",\"name\":\"Ceramic | BLOMER CEPILLOS PARA EL CABELLO\",\"isPartOf\":{\"@id\":\"https:\/\/blomer.com.co\/#website\"},\"primaryImageOfPage\":{\"@id\":\"https:\/\/blomer.com.co\/producto\/ceramic\/#primaryimage\"},\"image\":{\"@id\":\"https:\/\/blomer.com.co\/producto\/ceramic\/#primaryimage\"},\"thumbnailUrl\":\"https:\/\/blomer.com.co\/wp-content\/uploads\/2021\/02\/WEB-Blomer-Linea-Productos-04.png\",\"datePublished\":\"2021-02-22T01:16:52+00:00\",\"dateModified\":\"2021-02-25T20:38:25+00:00\",\"description\":\"Ceramic | L\u00ednea T\u00e9rmica | Cepillos i\u00f3nicos que mejoran la condici\u00f3n del cabello. Con tecnolog\u00eda cer\u00e1mica que mejora la transmisi\u00f3n del calor reparti\u00e9ndolo de manera uniforme. | BLOMER CEPILLOS PARA EL CABELLO\",\"breadcrumb\":{\"@id\":\"https:\/\/blomer.com.co\/producto\/ceramic\/#breadcrumb\"},\"inLanguage\":\"en-US\",\"potentialAction\":[{\"@type\":\"ReadAction\",\"target\":[\"https:\/\/blomer.com.co\/producto\/ceramic\/\"]}]},{\"@type\":\"ImageObject\",\"inLanguage\":\"en-US\",\"@id\":\"https:\/\/blomer.com.co\/producto\/ceramic\/#primaryimage\",\"url\":\"https:\/\/blomer.com.co\/wp-content\/uploads\/2021\/02\/WEB-Blomer-Linea-Productos-04.png\",\"contentUrl\":\"https:\/\/blomer.com.co\/wp-content\/uploads\/2021\/02\/WEB-Blomer-Linea-Productos-04.png\",\"width\":360,\"height\":361},{\"@type\":\"BreadcrumbList\",\"@id\":\"https:\/\/blomer.com.co\/producto\/ceramic\/#breadcrumb\",\"itemListElement\":[{\"@type\":\"ListItem\",\"position\":1,\"name\":\"Portada\",\"item\":\"https:\/\/blomer.com.co\/\"},{\"@type\":\"ListItem\",\"position\":2,\"name\":\"Productos\",\"item\":\"https:\/\/blomer.com.co\/en\/productos\/\"},{\"@type\":\"ListItem\",\"position\":3,\"name\":\"Ceramic\"}]},{\"@type\":\"WebSite\",\"@id\":\"https:\/\/blomer.com.co\/#website\",\"url\":\"https:\/\/blomer.com.co\/\",\"name\":\"BLOMER CEPILLOS PARA EL CABELLO\",\"description\":\"Cepillos Profesionales para el cabello\",\"publisher\":{\"@id\":\"https:\/\/blomer.com.co\/#organization\"},\"potentialAction\":[{\"@type\":\"SearchAction\",\"target\":{\"@type\":\"EntryPoint\",\"urlTemplate\":\"https:\/\/blomer.com.co\/?s={search_term_string}\"},\"query-input\":{\"@type\":\"PropertyValueSpecification\",\"valueRequired\":true,\"valueName\":\"search_term_string\"}}],\"inLanguage\":\"en-US\"},{\"@type\":\"Organization\",\"@id\":\"https:\/\/blomer.com.co\/#organization\",\"name\":\"Blomer | Cepillos para el Cabello\",\"url\":\"https:\/\/blomer.com.co\/\",\"logo\":{\"@type\":\"ImageObject\",\"inLanguage\":\"en-US\",\"@id\":\"https:\/\/blomer.com.co\/#\/schema\/logo\/image\/\",\"url\":\"https:\/\/blomer.com.co\/wp-content\/uploads\/2021\/02\/cropped-LOGO2-WEB-Blomer-10-1.png\",\"contentUrl\":\"https:\/\/blomer.com.co\/wp-content\/uploads\/2021\/02\/cropped-LOGO2-WEB-Blomer-10-1.png\",\"width\":515,\"height\":457,\"caption\":\"Blomer | Cepillos para el Cabello\"},\"image\":{\"@id\":\"https:\/\/blomer.com.co\/#\/schema\/logo\/image\/\"},\"sameAs\":[\"https:\/\/www.facebook.com\/cepillosblomer\",\"https:\/\/www.instagram.com\/cepillosblomer\/\",\"https:\/\/www.youtube.com\/channel\/UC8StcQv9E7OE550fxk1jydA\"]}]}<\/script>\n<!-- \/ Yoast SEO plugin. -->","yoast_head_json":{"title":"Ceramic | BLOMER CEPILLOS PARA EL CABELLO","description":"Ceramic | L\u00ednea T\u00e9rmica | Cepillos i\u00f3nicos que mejoran la condici\u00f3n del cabello. Con tecnolog\u00eda cer\u00e1mica que mejora la transmisi\u00f3n del calor reparti\u00e9ndolo de manera uniforme. | BLOMER CEPILLOS PARA EL CABELLO","robots":{"index":"index","follow":"follow","max-snippet":"max-snippet:-1","max-image-preview":"max-image-preview:large","max-video-preview":"max-video-preview:-1"},"canonical":"https:\/\/blomer.com.co\/en\/product\/ceramic\/","og_locale":"en_US","og_type":"article","og_title":"Ceramic | BLOMER CEPILLOS PARA EL CABELLO","og_description":"Ceramic | L\u00ednea T\u00e9rmica | Cepillos i\u00f3nicos que mejoran la condici\u00f3n del cabello. Con tecnolog\u00eda cer\u00e1mica que mejora la transmisi\u00f3n del calor reparti\u00e9ndolo de manera uniforme. | BLOMER CEPILLOS PARA EL CABELLO","og_url":"https:\/\/blomer.com.co\/en\/product\/ceramic\/","og_site_name":"BLOMER CEPILLOS PARA EL CABELLO","article_publisher":"https:\/\/www.facebook.com\/cepillosblomer","article_modified_time":"2021-02-25T20:38:25+00:00","og_image":[{"width":360,"height":361,"url":"https:\/\/blomer.com.co\/wp-content\/uploads\/2021\/02\/WEB-Blomer-Linea-Productos-04.png","type":"image\/png"}],"twitter_card":"summary_large_image","schema":{"@context":"https:\/\/schema.org","@graph":[{"@type":"WebPage","@id":"https:\/\/blomer.com.co\/producto\/ceramic\/","url":"https:\/\/blomer.com.co\/producto\/ceramic\/","name":"Ceramic | BLOMER CEPILLOS PARA EL CABELLO","isPartOf":{"@id":"https:\/\/blomer.com.co\/#website"},"primaryImageOfPage":{"@id":"https:\/\/blomer.com.co\/producto\/ceramic\/#primaryimage"},"image":{"@id":"https:\/\/blomer.com.co\/producto\/ceramic\/#primaryimage"},"thumbnailUrl":"https:\/\/blomer.com.co\/wp-content\/uploads\/2021\/02\/WEB-Blomer-Linea-Productos-04.png","datePublished":"2021-02-22T01:16:52+00:00","dateModified":"2021-02-25T20:38:25+00:00","description":"Ceramic | L\u00ednea T\u00e9rmica | Cepillos i\u00f3nicos que mejoran la condici\u00f3n del cabello. Con tecnolog\u00eda cer\u00e1mica que mejora la transmisi\u00f3n del calor reparti\u00e9ndolo de manera uniforme. | BLOMER CEPILLOS PARA EL CABELLO","breadcrumb":{"@id":"https:\/\/blomer.com.co\/producto\/ceramic\/#breadcrumb"},"inLanguage":"en-US","potentialAction":[{"@type":"ReadAction","target":["https:\/\/blomer.com.co\/producto\/ceramic\/"]}]},{"@type":"ImageObject","inLanguage":"en-US","@id":"https:\/\/blomer.com.co\/producto\/ceramic\/#primaryimage","url":"https:\/\/blomer.com.co\/wp-content\/uploads\/2021\/02\/WEB-Blomer-Linea-Productos-04.png","contentUrl":"https:\/\/blomer.com.co\/wp-content\/uploads\/2021\/02\/WEB-Blomer-Linea-Productos-04.png","width":360,"height":361},{"@type":"BreadcrumbList","@id":"https:\/\/blomer.com.co\/producto\/ceramic\/#breadcrumb","itemListElement":[{"@type":"ListItem","position":1,"name":"Portada","item":"https:\/\/blomer.com.co\/"},{"@type":"ListItem","position":2,"name":"Productos","item":"https:\/\/blomer.com.co\/en\/productos\/"},{"@type":"ListItem","position":3,"name":"Ceramic"}]},{"@type":"WebSite","@id":"https:\/\/blomer.com.co\/#website","url":"https:\/\/blomer.com.co\/","name":"BLOMER CEPILLOS PARA EL CABELLO","description":"Cepillos Profesionales para el cabello","publisher":{"@id":"https:\/\/blomer.com.co\/#organization"},"potentialAction":[{"@type":"SearchAction","target":{"@type":"EntryPoint","urlTemplate":"https:\/\/blomer.com.co\/?s={search_term_string}"},"query-input":{"@type":"PropertyValueSpecification","valueRequired":true,"valueName":"search_term_string"}}],"inLanguage":"en-US"},{"@type":"Organization","@id":"https:\/\/blomer.com.co\/#organization","name":"Blomer | Cepillos para el Cabello","url":"https:\/\/blomer.com.co\/","logo":{"@type":"ImageObject","inLanguage":"en-US","@id":"https:\/\/blomer.com.co\/#\/schema\/logo\/image\/","url":"https:\/\/blomer.com.co\/wp-content\/uploads\/2021\/02\/cropped-LOGO2-WEB-Blomer-10-1.png","contentUrl":"https:\/\/blomer.com.co\/wp-content\/uploads\/2021\/02\/cropped-LOGO2-WEB-Blomer-10-1.png","width":515,"height":457,"caption":"Blomer | Cepillos para el Cabello"},"image":{"@id":"https:\/\/blomer.com.co\/#\/schema\/logo\/image\/"},"sameAs":["https:\/\/www.facebook.com\/cepillosblomer","https:\/\/www.instagram.com\/cepillosblomer\/","https:\/\/www.youtube.com\/channel\/UC8StcQv9E7OE550fxk1jydA"]}]}},"_links":{"self":[{"href":"https:\/\/blomer.com.co\/en\/wp-json\/wp\/v2\/product\/1935","targetHints":{"allow":["GET"]}}],"collection":[{"href":"https:\/\/blomer.com.co\/en\/wp-json\/wp\/v2\/product"}],"about":[{"href":"https:\/\/blomer.com.co\/en\/wp-json\/wp\/v2\/types\/product"}],"replies":[{"embeddable":true,"href":"https:\/\/blomer.com.co\/en\/wp-json\/wp\/v2\/comments?post=1935"}],"wp:featuredmedia":[{"embeddable":true,"href":"https:\/\/blomer.com.co\/en\/wp-json\/wp\/v2\/media\/1936"}],"wp:attachment":[{"href":"https:\/\/blomer.com.co\/en\/wp-json\/wp\/v2\/media?parent=1935"}],"wp:term":[{"taxonomy":"product_brand","embeddable":true,"href":"https:\/\/blomer.com.co\/en\/wp-json\/wp\/v2\/product_brand?post=1935"},{"taxonomy":"product_cat","embeddable":true,"href":"https:\/\/blomer.com.co\/en\/wp-json\/wp\/v2\/product_cat?post=1935"},{"taxonomy":"product_tag","embeddable":true,"href":"https:\/\/blomer.com.co\/en\/wp-json\/wp\/v2\/product_tag?post=1935"}],"curies":[{"name":"wp","href":"https:\/\/api.w.org\/{rel}","templated":true}]}}