{"id":3700,"date":"2021-03-29T14:14:30","date_gmt":"2021-03-29T19:14:30","guid":{"rendered":"https:\/\/blomer.com.co\/?page_id=3700"},"modified":"2025-11-26T12:50:22","modified_gmt":"2025-11-26T17:50:22","slug":"quizz-de-cabello","status":"publish","type":"page","link":"https:\/\/blomer.com.co\/en\/quizz-de-cabello\/","title":{"rendered":"Quizz de Cabello"},"content":{"rendered":"<h4>ABOUT BLOMER<\/h4>\n<ul>\n<li>\n\t\t\t\t\t\t\t\t\t\t\t<a href=\"https:\/\/blomer.com.co\/en\/nosotros\/\"><br \/>\n\t\t\t\t\t\t\t\t\t\tAbout Us<br \/>\n\t\t\t\t\t\t\t\t\t\t\t<\/a>\n\t\t\t\t\t\t\t\t\t<\/li>\n<li>\n\t\t\t\t\t\t\t\t\t\t\t<a href=\"https:\/\/blomer.com.co\/en\/noticias\/\"><br \/>\n\t\t\t\t\t\t\t\t\t\tBlog<br \/>\n\t\t\t\t\t\t\t\t\t\t\t<\/a>\n\t\t\t\t\t\t\t\t\t<\/li>\n<li>\n\t\t\t\t\t\t\t\t\t\t\t<a href=\"https:\/\/blomer.com.co\/en\/blomer-tv\/\"><br \/>\n\t\t\t\t\t\t\t\t\t\tBlomer TV<br \/>\n\t\t\t\t\t\t\t\t\t\t\t<\/a>\n\t\t\t\t\t\t\t\t\t<\/li>\n<li>\n\t\t\t\t\t\t\t\t\t\t\t<a href=\"https:\/\/blomer.com.co\/en\/distribuidores-nacionales\/\"><br \/>\n\t\t\t\t\t\t\t\t\t\tWhere To Buy<br \/>\n\t\t\t\t\t\t\t\t\t\t\t<\/a>\n\t\t\t\t\t\t\t\t\t<\/li>\n<\/ul>\n<h4>SUPPORT<\/h4>\n<ul>\n<li>\n\t\t\t\t\t\t\t\t\t\t\t<a href=\"#\"><br \/>\n\t\t\t\t\t\t\t\t\t\tFAQ<br \/>\n\t\t\t\t\t\t\t\t\t\t\t<\/a>\n\t\t\t\t\t\t\t\t\t<\/li>\n<li>\n\t\t\t\t\t\t\t\t\t\t\t<a href=\"https:\/\/blomer.com.co\/wp-content\/uploads\/2021\/03\/Politica-de-privacidad-y-proteccion-de-datos-personales-Blomer.pdf\" target=\"_blank\"><br \/>\n\t\t\t\t\t\t\t\t\t\tPrivacy Policy<br \/>\n\t\t\t\t\t\t\t\t\t\t\t<\/a>\n\t\t\t\t\t\t\t\t\t<\/li>\n<\/ul>\n<h4>INFORMATION<\/h4>\n<ul>\n<li>\n\t\t\t\t\t\t\t\t\t\t\t<a href=\"https:\/\/blomer.com.co\/en\/contactanos\/\"><br \/>\n\t\t\t\t\t\t\t\t\t\tDo you want to be a supplier<br \/>\n\t\t\t\t\t\t\t\t\t\t\t<\/a>\n\t\t\t\t\t\t\t\t\t<\/li>\n<li>\n\t\t\t\t\t\t\t\t\t\t\t<a href=\"https:\/\/blomer.com.co\/en\/contactanos\/\"><br \/>\n\t\t\t\t\t\t\t\t\t\tInternational requests<br \/>\n\t\t\t\t\t\t\t\t\t\t\t<\/a>\n\t\t\t\t\t\t\t\t\t<\/li>\n<li>\n\t\t\t\t\t\t\t\t\t\t\t<a href=\"https:\/\/blomer.com.co\/wp-content\/uploads\/2024\/07\/Catalogo-Blomer-2024.pdf\" target=\"_blank\"><br \/>\n\t\t\t\t\t\t\t\t\t\tDownload our catalog<br \/>\n\t\t\t\t\t\t\t\t\t\t\t<\/a>\n\t\t\t\t\t\t\t\t\t<\/li>\n<\/ul>\n<p>\t\t\t\t\t<a href=\"mailto:contacto@blomer.com.co\">contacto@blomer.com.co | Vereda Churuguaco Bajo &#8211; Finca San Gregorio | Tenjo, Colombia | 250201<\/a><br \/>\n\t\t\t\t\t<a href=\"https:\/\/wa.me\/573133280118\" target=\"_blank\"><br \/>\n\t\t\t\t\t\tWhatsapp<br \/>\n\t\t\t\t\t\t\t\t\t\t\t<\/a><br \/>\n\t\t\t\t\t<a href=\"https:\/\/www.youtube.com\/channel\/UC8StcQv9E7OE550fxk1jydA\" target=\"_blank\"><br \/>\n\t\t\t\t\t\tYoutube<br \/>\n\t\t\t\t\t\t\t\t\t\t\t<\/a><br \/>\n\t\t\t\t\t<a href=\"https:\/\/www.facebook.com\/cepillosblomer\" target=\"_blank\"><br \/>\n\t\t\t\t\t\tFacebook<br \/>\n\t\t\t\t\t\t\t\t\t\t\t<\/a><br \/>\n\t\t\t\t\t<a href=\"https:\/\/www.instagram.com\/cepillosblomer\/\" target=\"_blank\"><br \/>\n\t\t\t\t\t\tInstagram<br \/>\n\t\t\t\t\t\t\t\t\t\t\t<\/a><\/p>\n<h4>SUBSCRIBE AND RECEIVE INFORMATION ABOUT OUR PRODUCTS<\/h4>","protected":false},"excerpt":{"rendered":"<p>SOBRE BLOMER Nosotros Blog Blomer TV D\u00f3nde Comprar AYUDA Preguntas frecuentes Pol\u00edtica de privacidad INFORMACI\u00d3N Quieres ser distribuidor Consultas internacionales Descarga nuestro cat\u00e1logo contacto@blomer.com.co | Vereda Churuguaco Bajo &#8211; Finca San Gregorio | Tenjo, Colombia | 250201 Whatsapp Youtube Facebook Instagram SUSCR\u00cdBETE Y RECIBE INFORMACI\u00d3N DE NUESTROS PRODUCTOS<\/p>","protected":false},"author":3,"featured_media":0,"parent":0,"menu_order":0,"comment_status":"closed","ping_status":"closed","template":"elementor_canvas","meta":{"_acf_changed":false,"footnotes":""},"class_list":["post-3700","page","type-page","status-publish","hentry"],"acf":[],"yoast_head":"<!-- This site is optimized with the Yoast SEO plugin v25.2 - https:\/\/yoast.com\/wordpress\/plugins\/seo\/ -->\n<title>Quizz de Cabello | BLOMER CEPILLOS PARA EL CABELLO | Cepillo para cabello<\/title>\n<meta name=\"description\" content=\"Quizz de Cabello | SOBRE BLOMER Nosotros Blog Blomer TV D\u00f3nde Comprar AYUDA Preguntas frecuentes Pol\u00edtica de privacidad INFORMACI\u00d3N Quieres ser distribuidor Consultas | BLOMER CEPILLOS PARA EL CABELLO | Cepillo para cabello\" \/>\n<meta name=\"robots\" content=\"index, follow, max-snippet:-1, max-image-preview:large, max-video-preview:-1\" \/>\n<link rel=\"canonical\" href=\"https:\/\/blomer.com.co\/en\/quizz-de-cabello\/\" \/>\n<meta property=\"og:locale\" content=\"en_US\" \/>\n<meta property=\"og:type\" content=\"article\" \/>\n<meta property=\"og:title\" content=\"Quizz de Cabello | BLOMER CEPILLOS PARA EL CABELLO | Cepillo para cabello\" \/>\n<meta property=\"og:description\" content=\"Quizz de Cabello | SOBRE BLOMER Nosotros Blog Blomer TV D\u00f3nde Comprar AYUDA Preguntas frecuentes Pol\u00edtica de privacidad INFORMACI\u00d3N Quieres ser distribuidor Consultas | BLOMER CEPILLOS PARA EL CABELLO | Cepillo para cabello\" \/>\n<meta property=\"og:url\" content=\"https:\/\/blomer.com.co\/en\/quizz-de-cabello\/\" \/>\n<meta property=\"og:site_name\" content=\"BLOMER CEPILLOS PARA EL CABELLO\" \/>\n<meta property=\"article:publisher\" content=\"https:\/\/www.facebook.com\/cepillosblomer\" \/>\n<meta property=\"article:modified_time\" content=\"2025-11-26T17:50:22+00:00\" \/>\n<meta name=\"twitter:card\" content=\"summary_large_image\" \/>\n<meta name=\"twitter:label1\" content=\"Est. reading time\" \/>\n\t<meta name=\"twitter:data1\" content=\"1 minute\" \/>\n<script type=\"application\/ld+json\" class=\"yoast-schema-graph\">{\"@context\":\"https:\/\/schema.org\",\"@graph\":[{\"@type\":\"WebPage\",\"@id\":\"https:\/\/blomer.com.co\/quizz-de-cabello\/\",\"url\":\"https:\/\/blomer.com.co\/quizz-de-cabello\/\",\"name\":\"Quizz de Cabello | BLOMER CEPILLOS PARA EL CABELLO | Cepillo para cabello\",\"isPartOf\":{\"@id\":\"https:\/\/blomer.com.co\/#website\"},\"datePublished\":\"2021-03-29T19:14:30+00:00\",\"dateModified\":\"2025-11-26T17:50:22+00:00\",\"description\":\"Quizz de Cabello | SOBRE BLOMER Nosotros Blog Blomer TV D\u00f3nde Comprar AYUDA Preguntas frecuentes Pol\u00edtica de privacidad INFORMACI\u00d3N Quieres ser distribuidor Consultas | BLOMER CEPILLOS PARA EL CABELLO | Cepillo para cabello\",\"breadcrumb\":{\"@id\":\"https:\/\/blomer.com.co\/quizz-de-cabello\/#breadcrumb\"},\"inLanguage\":\"en-US\",\"potentialAction\":[{\"@type\":\"ReadAction\",\"target\":[\"https:\/\/blomer.com.co\/quizz-de-cabello\/\"]}]},{\"@type\":\"BreadcrumbList\",\"@id\":\"https:\/\/blomer.com.co\/quizz-de-cabello\/#breadcrumb\",\"itemListElement\":[{\"@type\":\"ListItem\",\"position\":1,\"name\":\"Portada\",\"item\":\"https:\/\/blomer.com.co\/\"},{\"@type\":\"ListItem\",\"position\":2,\"name\":\"Quizz de Cabello\"}]},{\"@type\":\"WebSite\",\"@id\":\"https:\/\/blomer.com.co\/#website\",\"url\":\"https:\/\/blomer.com.co\/\",\"name\":\"BLOMER CEPILLOS PARA EL CABELLO\",\"description\":\"Cepillos Profesionales para el cabello\",\"publisher\":{\"@id\":\"https:\/\/blomer.com.co\/#organization\"},\"potentialAction\":[{\"@type\":\"SearchAction\",\"target\":{\"@type\":\"EntryPoint\",\"urlTemplate\":\"https:\/\/blomer.com.co\/?s={search_term_string}\"},\"query-input\":{\"@type\":\"PropertyValueSpecification\",\"valueRequired\":true,\"valueName\":\"search_term_string\"}}],\"inLanguage\":\"en-US\"},{\"@type\":\"Organization\",\"@id\":\"https:\/\/blomer.com.co\/#organization\",\"name\":\"Blomer | Cepillos para el Cabello\",\"url\":\"https:\/\/blomer.com.co\/\",\"logo\":{\"@type\":\"ImageObject\",\"inLanguage\":\"en-US\",\"@id\":\"https:\/\/blomer.com.co\/#\/schema\/logo\/image\/\",\"url\":\"https:\/\/blomer.com.co\/wp-content\/uploads\/2021\/02\/cropped-LOGO2-WEB-Blomer-10-1.png\",\"contentUrl\":\"https:\/\/blomer.com.co\/wp-content\/uploads\/2021\/02\/cropped-LOGO2-WEB-Blomer-10-1.png\",\"width\":515,\"height\":457,\"caption\":\"Blomer | Cepillos para el Cabello\"},\"image\":{\"@id\":\"https:\/\/blomer.com.co\/#\/schema\/logo\/image\/\"},\"sameAs\":[\"https:\/\/www.facebook.com\/cepillosblomer\",\"https:\/\/www.instagram.com\/cepillosblomer\/\",\"https:\/\/www.youtube.com\/channel\/UC8StcQv9E7OE550fxk1jydA\"]}]}<\/script>\n<!-- \/ Yoast SEO plugin. -->","yoast_head_json":{"title":"Quizz de Cabello | BLOMER CEPILLOS PARA EL CABELLO | Cepillo para cabello","description":"Quizz de Cabello | SOBRE BLOMER Nosotros Blog Blomer TV D\u00f3nde Comprar AYUDA Preguntas frecuentes Pol\u00edtica de privacidad INFORMACI\u00d3N Quieres ser distribuidor Consultas | BLOMER CEPILLOS PARA EL CABELLO | Cepillo para cabello","robots":{"index":"index","follow":"follow","max-snippet":"max-snippet:-1","max-image-preview":"max-image-preview:large","max-video-preview":"max-video-preview:-1"},"canonical":"https:\/\/blomer.com.co\/en\/quizz-de-cabello\/","og_locale":"en_US","og_type":"article","og_title":"Quizz de Cabello | BLOMER CEPILLOS PARA EL CABELLO | Cepillo para cabello","og_description":"Quizz de Cabello | SOBRE BLOMER Nosotros Blog Blomer TV D\u00f3nde Comprar AYUDA Preguntas frecuentes Pol\u00edtica de privacidad INFORMACI\u00d3N Quieres ser distribuidor Consultas | BLOMER CEPILLOS PARA EL CABELLO | Cepillo para cabello","og_url":"https:\/\/blomer.com.co\/en\/quizz-de-cabello\/","og_site_name":"BLOMER CEPILLOS PARA EL CABELLO","article_publisher":"https:\/\/www.facebook.com\/cepillosblomer","article_modified_time":"2025-11-26T17:50:22+00:00","twitter_card":"summary_large_image","twitter_misc":{"Est. reading time":"1 minute"},"schema":{"@context":"https:\/\/schema.org","@graph":[{"@type":"WebPage","@id":"https:\/\/blomer.com.co\/quizz-de-cabello\/","url":"https:\/\/blomer.com.co\/quizz-de-cabello\/","name":"Quizz de Cabello | BLOMER CEPILLOS PARA EL CABELLO | Cepillo para cabello","isPartOf":{"@id":"https:\/\/blomer.com.co\/#website"},"datePublished":"2021-03-29T19:14:30+00:00","dateModified":"2025-11-26T17:50:22+00:00","description":"Quizz de Cabello | SOBRE BLOMER Nosotros Blog Blomer TV D\u00f3nde Comprar AYUDA Preguntas frecuentes Pol\u00edtica de privacidad INFORMACI\u00d3N Quieres ser distribuidor Consultas | BLOMER CEPILLOS PARA EL CABELLO | Cepillo para cabello","breadcrumb":{"@id":"https:\/\/blomer.com.co\/quizz-de-cabello\/#breadcrumb"},"inLanguage":"en-US","potentialAction":[{"@type":"ReadAction","target":["https:\/\/blomer.com.co\/quizz-de-cabello\/"]}]},{"@type":"BreadcrumbList","@id":"https:\/\/blomer.com.co\/quizz-de-cabello\/#breadcrumb","itemListElement":[{"@type":"ListItem","position":1,"name":"Portada","item":"https:\/\/blomer.com.co\/"},{"@type":"ListItem","position":2,"name":"Quizz de Cabello"}]},{"@type":"WebSite","@id":"https:\/\/blomer.com.co\/#website","url":"https:\/\/blomer.com.co\/","name":"BLOMER CEPILLOS PARA EL CABELLO","description":"Cepillos Profesionales para el cabello","publisher":{"@id":"https:\/\/blomer.com.co\/#organization"},"potentialAction":[{"@type":"SearchAction","target":{"@type":"EntryPoint","urlTemplate":"https:\/\/blomer.com.co\/?s={search_term_string}"},"query-input":{"@type":"PropertyValueSpecification","valueRequired":true,"valueName":"search_term_string"}}],"inLanguage":"en-US"},{"@type":"Organization","@id":"https:\/\/blomer.com.co\/#organization","name":"Blomer | Cepillos para el Cabello","url":"https:\/\/blomer.com.co\/","logo":{"@type":"ImageObject","inLanguage":"en-US","@id":"https:\/\/blomer.com.co\/#\/schema\/logo\/image\/","url":"https:\/\/blomer.com.co\/wp-content\/uploads\/2021\/02\/cropped-LOGO2-WEB-Blomer-10-1.png","contentUrl":"https:\/\/blomer.com.co\/wp-content\/uploads\/2021\/02\/cropped-LOGO2-WEB-Blomer-10-1.png","width":515,"height":457,"caption":"Blomer | Cepillos para el Cabello"},"image":{"@id":"https:\/\/blomer.com.co\/#\/schema\/logo\/image\/"},"sameAs":["https:\/\/www.facebook.com\/cepillosblomer","https:\/\/www.instagram.com\/cepillosblomer\/","https:\/\/www.youtube.com\/channel\/UC8StcQv9E7OE550fxk1jydA"]}]}},"_links":{"self":[{"href":"https:\/\/blomer.com.co\/en\/wp-json\/wp\/v2\/pages\/3700","targetHints":{"allow":["GET"]}}],"collection":[{"href":"https:\/\/blomer.com.co\/en\/wp-json\/wp\/v2\/pages"}],"about":[{"href":"https:\/\/blomer.com.co\/en\/wp-json\/wp\/v2\/types\/page"}],"author":[{"embeddable":true,"href":"https:\/\/blomer.com.co\/en\/wp-json\/wp\/v2\/users\/3"}],"replies":[{"embeddable":true,"href":"https:\/\/blomer.com.co\/en\/wp-json\/wp\/v2\/comments?post=3700"}],"version-history":[{"count":11,"href":"https:\/\/blomer.com.co\/en\/wp-json\/wp\/v2\/pages\/3700\/revisions"}],"predecessor-version":[{"id":4807,"href":"https:\/\/blomer.com.co\/en\/wp-json\/wp\/v2\/pages\/3700\/revisions\/4807"}],"wp:attachment":[{"href":"https:\/\/blomer.com.co\/en\/wp-json\/wp\/v2\/media?parent=3700"}],"curies":[{"name":"wp","href":"https:\/\/api.w.org\/{rel}","templated":true}]}}